{"id":78,"date":"2024-03-21T19:02:45","date_gmt":"2024-03-21T18:02:45","guid":{"rendered":"http:\/\/yfnfruk.cluster030.hosting.ovh.net\/?page_id=78"},"modified":"2025-01-10T10:56:49","modified_gmt":"2025-01-10T09:56:49","slug":"accueil","status":"publish","type":"page","link":"https:\/\/www.espaviote.fr\/","title":{"rendered":"Accueil"},"content":{"rendered":"\t\t<div data-elementor-type=\"wp-page\" data-elementor-id=\"78\" class=\"elementor elementor-78\" data-elementor-post-type=\"page\">\n\t\t\t\t<div class=\"elementor-element elementor-element-36333ea e-con-full e-flex e-con e-parent\" data-id=\"36333ea\" data-element_type=\"container\">\n\t\t<div class=\"elementor-element elementor-element-f9dac23 e-flex e-con-boxed e-con e-child\" data-id=\"f9dac23\" data-element_type=\"container\">\n\t\t\t\t\t<div class=\"e-con-inner\">\n\t\t\t\t<div class=\"elementor-element elementor-element-8c1e13a elementor-arrows-position-inside elementor-pagination-position-outside elementor-widget elementor-widget-image-carousel\" data-id=\"8c1e13a\" data-element_type=\"widget\" data-settings=\"{&quot;slides_to_show&quot;:&quot;3&quot;,&quot;speed&quot;:621,&quot;image_spacing_custom&quot;:{&quot;unit&quot;:&quot;px&quot;,&quot;size&quot;:60,&quot;sizes&quot;:[]},&quot;navigation&quot;:&quot;both&quot;,&quot;autoplay&quot;:&quot;yes&quot;,&quot;pause_on_hover&quot;:&quot;yes&quot;,&quot;pause_on_interaction&quot;:&quot;yes&quot;,&quot;autoplay_speed&quot;:5000,&quot;infinite&quot;:&quot;yes&quot;,&quot;image_spacing_custom_tablet&quot;:{&quot;unit&quot;:&quot;px&quot;,&quot;size&quot;:&quot;&quot;,&quot;sizes&quot;:[]},&quot;image_spacing_custom_mobile&quot;:{&quot;unit&quot;:&quot;px&quot;,&quot;size&quot;:&quot;&quot;,&quot;sizes&quot;:[]}}\" data-widget_type=\"image-carousel.default\">\n\t\t\t\t<div class=\"elementor-widget-container\">\n\t\t\t\t\t\t\t<div class=\"elementor-image-carousel-wrapper swiper\" role=\"region\" aria-roledescription=\"carousel\" aria-label=\"Accueil espaviote\" dir=\"ltr\">\n\t\t\t<div class=\"elementor-image-carousel swiper-wrapper\" aria-live=\"off\">\n\t\t\t\t\t\t\t\t<div class=\"swiper-slide\" role=\"group\" aria-roledescription=\"slide\" aria-label=\"1 sur 7\"><a data-elementor-open-lightbox=\"yes\" data-elementor-lightbox-slideshow=\"8c1e13a\" data-elementor-lightbox-title=\"HYPO_BLANC\" data-elementor-lightbox-description=\"Hypocras des Pays d&#039;Oc Blanc\" data-e-action-hash=\"#elementor-action%3Aaction%3Dlightbox%26settings%3DeyJpZCI6NDc1LCJ1cmwiOiJodHRwczpcL1wvd3d3LmVzcGF2aW90ZS5mclwvd3AtY29udGVudFwvdXBsb2Fkc1wvMjAyNFwvMDdcL0hZUE9fQkxBTkMtc2NhbGVkLmpwZyIsInNsaWRlc2hvdyI6IjhjMWUxM2EifQ%3D%3D\" href=\"https:\/\/www.espaviote.fr\/index.php\/nos-produits\/\"><figure class=\"swiper-slide-inner\"><img decoding=\"async\" class=\"swiper-slide-image\" src=\"https:\/\/www.espaviote.fr\/wp-content\/uploads\/2024\/07\/HYPO_BLANC-300x300.jpg\" alt=\"Hypocras des Pays d&#039;Oc Blanc\" \/><\/figure><\/a><\/div><div class=\"swiper-slide\" role=\"group\" aria-roledescription=\"slide\" aria-label=\"2 sur 7\"><a data-elementor-open-lightbox=\"yes\" data-elementor-lightbox-slideshow=\"8c1e13a\" data-elementor-lightbox-title=\"HYPO_ROUGE\" data-elementor-lightbox-description=\"Hypocras des Pays d&#039;Oc Rouge\" data-e-action-hash=\"#elementor-action%3Aaction%3Dlightbox%26settings%3DeyJpZCI6NDc0LCJ1cmwiOiJodHRwczpcL1wvd3d3LmVzcGF2aW90ZS5mclwvd3AtY29udGVudFwvdXBsb2Fkc1wvMjAyNFwvMDdcL0hZUE9fUk9VR0UtMS1zY2FsZWQuanBnIiwic2xpZGVzaG93IjoiOGMxZTEzYSJ9\" href=\"https:\/\/www.espaviote.fr\/index.php\/nos-produits\/\"><figure class=\"swiper-slide-inner\"><img decoding=\"async\" class=\"swiper-slide-image\" src=\"https:\/\/www.espaviote.fr\/wp-content\/uploads\/2024\/07\/HYPO_ROUGE-1-300x300.jpg\" alt=\"Hypocras des Pays d&#039;Oc Rouge\" \/><\/figure><\/a><\/div><div class=\"swiper-slide\" role=\"group\" aria-roledescription=\"slide\" aria-label=\"3 sur 7\"><a data-elementor-open-lightbox=\"yes\" data-elementor-lightbox-slideshow=\"8c1e13a\" data-elementor-lightbox-title=\"SAUGEE\" data-elementor-lightbox-description=\"Saug\u00e9e des Pays d&#039;Oc\" data-e-action-hash=\"#elementor-action%3Aaction%3Dlightbox%26settings%3DeyJpZCI6NDczLCJ1cmwiOiJodHRwczpcL1wvd3d3LmVzcGF2aW90ZS5mclwvd3AtY29udGVudFwvdXBsb2Fkc1wvMjAyNFwvMDdcL1NBVUdFRS1zY2FsZWQuanBnIiwic2xpZGVzaG93IjoiOGMxZTEzYSJ9\" href=\"https:\/\/www.espaviote.fr\/index.php\/nos-produits\/\"><figure class=\"swiper-slide-inner\"><img decoding=\"async\" class=\"swiper-slide-image\" src=\"https:\/\/www.espaviote.fr\/wp-content\/uploads\/2024\/07\/SAUGEE-300x300.jpg\" alt=\"Saug\u00e9e des Pays d&#039;Oc\" \/><\/figure><\/a><\/div><div class=\"swiper-slide\" role=\"group\" aria-roledescription=\"slide\" aria-label=\"4 sur 7\"><a data-elementor-open-lightbox=\"yes\" data-elementor-lightbox-slideshow=\"8c1e13a\" data-elementor-lightbox-title=\"MOR_PRUNES\" data-elementor-lightbox-description=\"Moretum des Pays d&#039;Oc Prunes\" data-e-action-hash=\"#elementor-action%3Aaction%3Dlightbox%26settings%3DeyJpZCI6NDcxLCJ1cmwiOiJodHRwczpcL1wvd3d3LmVzcGF2aW90ZS5mclwvd3AtY29udGVudFwvdXBsb2Fkc1wvMjAyNFwvMDdcL01PUl9QUlVORVMtc2NhbGVkLmpwZyIsInNsaWRlc2hvdyI6IjhjMWUxM2EifQ%3D%3D\" href=\"https:\/\/www.espaviote.fr\/index.php\/nos-produits\/\"><figure class=\"swiper-slide-inner\"><img decoding=\"async\" class=\"swiper-slide-image\" src=\"https:\/\/www.espaviote.fr\/wp-content\/uploads\/2024\/07\/MOR_PRUNES-300x300.jpg\" alt=\"Moretum des Pays d&#039;Oc Prunes\" \/><\/figure><\/a><\/div><div class=\"swiper-slide\" role=\"group\" aria-roledescription=\"slide\" aria-label=\"5 sur 7\"><a data-elementor-open-lightbox=\"yes\" data-elementor-lightbox-slideshow=\"8c1e13a\" data-elementor-lightbox-title=\"MOR_CERISE\" data-elementor-lightbox-description=\"Moretum des Pays d&#039;Oc Cerises\" data-e-action-hash=\"#elementor-action%3Aaction%3Dlightbox%26settings%3DeyJpZCI6NDcwLCJ1cmwiOiJodHRwczpcL1wvd3d3LmVzcGF2aW90ZS5mclwvd3AtY29udGVudFwvdXBsb2Fkc1wvMjAyNFwvMDdcL01PUl9DRVJJU0Utc2NhbGVkLmpwZyIsInNsaWRlc2hvdyI6IjhjMWUxM2EifQ%3D%3D\" href=\"https:\/\/www.espaviote.fr\/index.php\/nos-produits\/\"><figure class=\"swiper-slide-inner\"><img decoding=\"async\" class=\"swiper-slide-image\" src=\"https:\/\/www.espaviote.fr\/wp-content\/uploads\/2024\/07\/MOR_CERISE-300x300.jpg\" alt=\"Moretum des Pays d&#039;Oc Cerises\" \/><\/figure><\/a><\/div><div class=\"swiper-slide\" role=\"group\" aria-roledescription=\"slide\" aria-label=\"6 sur 7\"><a data-elementor-open-lightbox=\"yes\" data-elementor-lightbox-slideshow=\"8c1e13a\" data-elementor-lightbox-title=\"BARABAN\" data-elementor-lightbox-description=\"Baraban des Pays d&#039;Oc\" data-e-action-hash=\"#elementor-action%3Aaction%3Dlightbox%26settings%3DeyJpZCI6NDY3LCJ1cmwiOiJodHRwczpcL1wvd3d3LmVzcGF2aW90ZS5mclwvd3AtY29udGVudFwvdXBsb2Fkc1wvMjAyNFwvMDdcL0JBUkFCQU4tc2NhbGVkLmpwZyIsInNsaWRlc2hvdyI6IjhjMWUxM2EifQ%3D%3D\" href=\"https:\/\/www.espaviote.fr\/index.php\/nos-produits\/\"><figure class=\"swiper-slide-inner\"><img decoding=\"async\" class=\"swiper-slide-image\" src=\"https:\/\/www.espaviote.fr\/wp-content\/uploads\/2024\/07\/BARABAN-300x300.jpg\" alt=\"Baraban des Pays d&#039;Oc\" \/><\/figure><\/a><\/div><div class=\"swiper-slide\" role=\"group\" aria-roledescription=\"slide\" aria-label=\"7 sur 7\"><a data-elementor-open-lightbox=\"yes\" data-elementor-lightbox-slideshow=\"8c1e13a\" data-elementor-lightbox-title=\"COULINDRUM\" data-elementor-lightbox-description=\"Coulindrum des Pays d&#039;Oc\" data-e-action-hash=\"#elementor-action%3Aaction%3Dlightbox%26settings%3DeyJpZCI6NDY4LCJ1cmwiOiJodHRwczpcL1wvd3d3LmVzcGF2aW90ZS5mclwvd3AtY29udGVudFwvdXBsb2Fkc1wvMjAyNFwvMDdcL0NPVUxJTkRSVU0tc2NhbGVkLmpwZyIsInNsaWRlc2hvdyI6IjhjMWUxM2EifQ%3D%3D\" href=\"https:\/\/www.espaviote.fr\/index.php\/nos-produits\/\"><figure class=\"swiper-slide-inner\"><img decoding=\"async\" class=\"swiper-slide-image\" src=\"https:\/\/www.espaviote.fr\/wp-content\/uploads\/2024\/07\/COULINDRUM-300x300.jpg\" alt=\"Coulindrum des Pays d&#039;Oc\" \/><\/figure><\/a><\/div>\t\t\t<\/div>\n\t\t\t\t\t\t\t\t\t\t\t\t<div class=\"elementor-swiper-button elementor-swiper-button-prev\" role=\"button\" tabindex=\"0\">\n\t\t\t\t\t\t<svg aria-hidden=\"true\" class=\"e-font-icon-svg e-eicon-chevron-left\" viewBox=\"0 0 1000 1000\" xmlns=\"http:\/\/www.w3.org\/2000\/svg\"><path d=\"M646 125C629 125 613 133 604 142L308 442C296 454 292 471 292 487 292 504 296 521 308 533L604 854C617 867 629 875 646 875 663 875 679 871 692 858 704 846 713 829 713 812 713 796 708 779 692 767L438 487 692 225C700 217 708 204 708 187 708 171 704 154 692 142 675 129 663 125 646 125Z\"><\/path><\/svg>\t\t\t\t\t<\/div>\n\t\t\t\t\t<div class=\"elementor-swiper-button elementor-swiper-button-next\" role=\"button\" tabindex=\"0\">\n\t\t\t\t\t\t<svg aria-hidden=\"true\" class=\"e-font-icon-svg e-eicon-chevron-right\" viewBox=\"0 0 1000 1000\" xmlns=\"http:\/\/www.w3.org\/2000\/svg\"><path d=\"M696 533C708 521 713 504 713 487 713 471 708 454 696 446L400 146C388 133 375 125 354 125 338 125 325 129 313 142 300 154 292 171 292 187 292 204 296 221 308 233L563 492 304 771C292 783 288 800 288 817 288 833 296 850 308 863 321 871 338 875 354 875 371 875 388 867 400 854L696 533Z\"><\/path><\/svg>\t\t\t\t\t<\/div>\n\t\t\t\t\n\t\t\t\t\t\t\t\t\t<div class=\"swiper-pagination\"><\/div>\n\t\t\t\t\t\t\t\t\t<\/div>\n\t\t\t\t\t\t<\/div>\n\t\t\t\t<\/div>\n\t\t\t\t\t<\/div>\n\t\t\t\t<\/div>\n\t\t<div class=\"elementor-element elementor-element-bab0d1f e-flex e-con-boxed e-con e-child\" data-id=\"bab0d1f\" data-element_type=\"container\">\n\t\t\t\t\t<div class=\"e-con-inner\">\n\t\t\t\t<div class=\"elementor-element elementor-element-5013d1a elementor-widget__width-initial elementor-widget elementor-widget-text-editor\" data-id=\"5013d1a\" data-element_type=\"widget\" data-widget_type=\"text-editor.default\">\n\t\t\t\t<div class=\"elementor-widget-container\">\n\t\t\t\t\t\t\t\t\t<h1 style=\"text-align: left;\"><span style=\"color: #cc99ff;\">\u00a0\u00a0\u00a0\u00a0\u00a0\u00a0\u00a0\u00a0\u00a0\u00a0\u00a0 <span style=\"color: #ffffff;\">Producteur de boisson historiques depuis 1989, nous travaillons sans cesse pour vous proposez des boissons d\u2019ap\u00e9ritifs authentiquement historiques. Notre savoir faire et la s\u00e9lection de nos mati\u00e8res premi\u00e8res nous permettent de vous pr\u00e9senter toute une gamme de produits fid\u00e8les aux recettes d\u2019antan.<\/span><\/span><\/h1>\t\t\t\t\t\t\t\t<\/div>\n\t\t\t\t<\/div>\n\t\t\t\t\t<\/div>\n\t\t\t\t<\/div>\n\t\t<div class=\"elementor-element elementor-element-b91f906 e-flex e-con-boxed e-con e-child\" data-id=\"b91f906\" data-element_type=\"container\">\n\t\t\t\t\t<div class=\"e-con-inner\">\n\t\t\t\t<div class=\"elementor-element elementor-element-581a71c elementor-widget__width-initial elementor-widget elementor-widget-text-editor\" data-id=\"581a71c\" data-element_type=\"widget\" data-widget_type=\"text-editor.default\">\n\t\t\t\t<div class=\"elementor-widget-container\">\n\t\t\t\t\t\t\t\t\t<h1 style=\"text-align: left;\"><span style=\"font-size: 13.0pt; mso-bidi-font-size: 12.0pt;\">\u00a0 \u00a0 \u00a0<span style=\"color: #ffffff;\"> \u00a0 \u00a0 \u00a0 \u00a0 \u00a0 \u00a0 \u00a0 L\u2019origine du nom HYPOCRAS n\u2019a jamais \u00e9t\u00e9 formellement \u00e9tablie. On retrouve l\u2019Hypocras \u00e0 partir du XI \u00e8me Si\u00e8cle, mais la v\u00e9ritable diffusion de ce breuvage s\u2019affirme fin XV \u00e8me et d\u00e9but XVI \u00e8me, avec les grands navigateurs qui ont ramen\u00e9 des \u00e9pices en quantit\u00e9 plus importante.<\/span><\/span><\/h1><h1 class=\"MsoNormal\" style=\"text-align: left;\"><span style=\"font-size: 13pt; color: #ffffff;\">\u00a0<\/span><\/h1><h1 class=\"MsoNormal\" style=\"text-indent: 35.4pt; text-align: left;\"><span style=\"font-size: 13pt; color: #ffffff;\">\u00a0 \u00a0 \u00a0 \u00a0Contrairement aux id\u00e9es re\u00e7ues l\u2019Hypocras n\u2019a pas \u00e9t\u00e9 invent\u00e9 pour ses qualit\u00e9s gustatives, mais simplement parce que nos anc\u00eatres ne savait pas conserver le vin et qu\u2019il tournait rapidement. Au printemps le vin devenait difficilement consommable nature, et on avait pour habitude de masquer son acidit\u00e9 au d\u00e9part avec des plantes (vin \u00e0 la sauge, vin aux pissenlits, vin \u00e0 la rose\u2026) puis avec des \u00e9pices (cannelle, gingembre, muscade, macis\u2026). L\u2019Hypocras \u00e9tait n\u00e9.<\/span><\/h1><h1 class=\"MsoNormal\" style=\"text-align: left;\"><span style=\"font-size: 13pt; color: #ffffff;\">\u00a0<\/span><\/h1><h1 class=\"MsoNormal\" style=\"text-indent: 35.4pt; text-align: left;\"><span style=\"font-size: 13pt; color: #ffffff;\">\u00a0 \u00a0 \u00a0 \u00a0 L\u2019Hypocras est devenu \u00e0 la fin du XV \u00e8me et plus particuli\u00e8rement au XVI \u00e8me la boisson \u00e0 la mode. N\u00e9anmoins vu son co\u00fbt il \u00e9tait r\u00e9serv\u00e9 \u00e0 la noblesse et aux nantis, consomm\u00e9 durant les repas on retrouve \u00e9galement des recettes de clairet, \u00e0 base de vin blanc.<\/span><\/h1>\t\t\t\t\t\t\t\t<\/div>\n\t\t\t\t<\/div>\n\t\t\t\t\t<\/div>\n\t\t\t\t<\/div>\n\t\t<div class=\"elementor-element elementor-element-3979b02 e-flex e-con-boxed e-con e-child\" data-id=\"3979b02\" data-element_type=\"container\">\n\t\t\t\t\t<div class=\"e-con-inner\">\n\t\t\t\t<div class=\"elementor-element elementor-element-b3fc852 elementor-widget elementor-widget-image\" data-id=\"b3fc852\" data-element_type=\"widget\" data-widget_type=\"image.default\">\n\t\t\t\t<div class=\"elementor-widget-container\">\n\t\t\t\t\t\t\t\t\t\t\t\t\t\t\t<img fetchpriority=\"high\" decoding=\"async\" width=\"603\" height=\"230\" src=\"https:\/\/www.espaviote.fr\/wp-content\/uploads\/2025\/01\/site.jpg\" class=\"attachment-1536x1536 size-1536x1536 wp-image-650\" alt=\"\" srcset=\"https:\/\/www.espaviote.fr\/wp-content\/uploads\/2025\/01\/site.jpg 603w, https:\/\/www.espaviote.fr\/wp-content\/uploads\/2025\/01\/site-300x114.jpg 300w, https:\/\/www.espaviote.fr\/wp-content\/uploads\/2025\/01\/site-600x229.jpg 600w\" sizes=\"(max-width: 603px) 100vw, 603px\" \/>\t\t\t\t\t\t\t\t\t\t\t\t\t\t\t<\/div>\n\t\t\t\t<\/div>\n\t\t\t\t\t<\/div>\n\t\t\t\t<\/div>\n\t\t\t\t<\/div>\n\t\t\t\t<\/div>\n\t\t","protected":false},"excerpt":{"rendered":"<p>\u00a0\u00a0\u00a0\u00a0\u00a0\u00a0\u00a0\u00a0\u00a0\u00a0\u00a0 Producteur de boisson historiques depuis 1989, nous travaillons sans cesse pour vous proposez des boissons d\u2019ap\u00e9ritifs authentiquement historiques. Notre savoir faire et la s\u00e9lection de nos mati\u00e8res premi\u00e8res nous permettent de vous pr\u00e9senter toute une gamme de produits fid\u00e8les aux recettes d\u2019antan. \u00a0 \u00a0 \u00a0 \u00a0 \u00a0 \u00a0 \u00a0 \u00a0 \u00a0 \u00a0 L\u2019origine du [&hellip;]<\/p>\n","protected":false},"author":2,"featured_media":0,"parent":0,"menu_order":0,"comment_status":"closed","ping_status":"closed","template":"","meta":{"footnotes":""},"class_list":["post-78","page","type-page","status-publish","hentry"],"yoast_head":"<!-- This site is optimized with the Yoast SEO plugin v26.6 - https:\/\/yoast.com\/wordpress\/plugins\/seo\/ -->\n<title>Accueil - Espaviote<\/title>\n<meta name=\"description\" content=\"D\u00e9couvrez l&#039;Hypocras des Pays d\u2019Oc. Savourez cette boisson m\u00e9di\u00e9vale unique, riche en histoire et en saveurs \u00e9pic\u00e9es.\" \/>\n<meta name=\"robots\" content=\"index, follow, max-snippet:-1, max-image-preview:large, max-video-preview:-1\" \/>\n<link rel=\"canonical\" href=\"https:\/\/www.espaviote.fr\/\" \/>\n<meta property=\"og:locale\" content=\"fr_FR\" \/>\n<meta property=\"og:type\" content=\"article\" \/>\n<meta property=\"og:title\" content=\"Accueil - Espaviote\" \/>\n<meta property=\"og:description\" content=\"D\u00e9couvrez l&#039;Hypocras des Pays d\u2019Oc. Savourez cette boisson m\u00e9di\u00e9vale unique, riche en histoire et en saveurs \u00e9pic\u00e9es.\" \/>\n<meta property=\"og:url\" content=\"https:\/\/www.espaviote.fr\/\" \/>\n<meta property=\"og:site_name\" content=\"Espaviote\" \/>\n<meta property=\"article:publisher\" content=\"https:\/\/www.facebook.com\/espaviote\/\" \/>\n<meta property=\"article:modified_time\" content=\"2025-01-10T09:56:49+00:00\" \/>\n<meta property=\"og:image\" content=\"https:\/\/www.espaviote.fr\/wp-content\/uploads\/2024\/07\/HYPO_BLANC-300x300.jpg\" \/>\n<meta name=\"twitter:card\" content=\"summary_large_image\" \/>\n<meta name=\"twitter:label1\" content=\"Dur\u00e9e de lecture estim\u00e9e\" \/>\n\t<meta name=\"twitter:data1\" content=\"4 minutes\" \/>\n<script type=\"application\/ld+json\" class=\"yoast-schema-graph\">{\"@context\":\"https:\/\/schema.org\",\"@graph\":[{\"@type\":\"WebPage\",\"@id\":\"https:\/\/www.espaviote.fr\/\",\"url\":\"https:\/\/www.espaviote.fr\/\",\"name\":\"Accueil - Espaviote\",\"isPartOf\":{\"@id\":\"https:\/\/www.espaviote.fr\/#website\"},\"primaryImageOfPage\":{\"@id\":\"https:\/\/www.espaviote.fr\/#primaryimage\"},\"image\":{\"@id\":\"https:\/\/www.espaviote.fr\/#primaryimage\"},\"thumbnailUrl\":\"https:\/\/www.espaviote.fr\/wp-content\/uploads\/2024\/07\/HYPO_BLANC-300x300.jpg\",\"datePublished\":\"2024-03-21T18:02:45+00:00\",\"dateModified\":\"2025-01-10T09:56:49+00:00\",\"description\":\"D\u00e9couvrez l'Hypocras des Pays d\u2019Oc. Savourez cette boisson m\u00e9di\u00e9vale unique, riche en histoire et en saveurs \u00e9pic\u00e9es.\",\"breadcrumb\":{\"@id\":\"https:\/\/www.espaviote.fr\/#breadcrumb\"},\"inLanguage\":\"fr-FR\",\"potentialAction\":[{\"@type\":\"ReadAction\",\"target\":[\"https:\/\/www.espaviote.fr\/\"]}]},{\"@type\":\"ImageObject\",\"inLanguage\":\"fr-FR\",\"@id\":\"https:\/\/www.espaviote.fr\/#primaryimage\",\"url\":\"https:\/\/www.espaviote.fr\/wp-content\/uploads\/2024\/07\/HYPO_BLANC-scaled.jpg\",\"contentUrl\":\"https:\/\/www.espaviote.fr\/wp-content\/uploads\/2024\/07\/HYPO_BLANC-scaled.jpg\",\"width\":2560,\"height\":2560,\"caption\":\"Hypocras des Pays d'Oc Blanc\"},{\"@type\":\"BreadcrumbList\",\"@id\":\"https:\/\/www.espaviote.fr\/#breadcrumb\",\"itemListElement\":[{\"@type\":\"ListItem\",\"position\":1,\"name\":\"Accueil\",\"item\":\"https:\/\/www.espaviote.fr\/\"},{\"@type\":\"ListItem\",\"position\":2,\"name\":\"Accueil\"}]},{\"@type\":\"WebSite\",\"@id\":\"https:\/\/www.espaviote.fr\/#website\",\"url\":\"https:\/\/www.espaviote.fr\/\",\"name\":\"Espaviote\",\"description\":\"Hypocras des pays d&#039;Oc\",\"publisher\":{\"@id\":\"https:\/\/www.espaviote.fr\/#organization\"},\"potentialAction\":[{\"@type\":\"SearchAction\",\"target\":{\"@type\":\"EntryPoint\",\"urlTemplate\":\"https:\/\/www.espaviote.fr\/?s={search_term_string}\"},\"query-input\":{\"@type\":\"PropertyValueSpecification\",\"valueRequired\":true,\"valueName\":\"search_term_string\"}}],\"inLanguage\":\"fr-FR\"},{\"@type\":\"Organization\",\"@id\":\"https:\/\/www.espaviote.fr\/#organization\",\"name\":\"Espaviote\",\"url\":\"https:\/\/www.espaviote.fr\/\",\"logo\":{\"@type\":\"ImageObject\",\"inLanguage\":\"fr-FR\",\"@id\":\"https:\/\/www.espaviote.fr\/#\/schema\/logo\/image\/\",\"url\":\"https:\/\/www.espaviote.fr\/wp-content\/uploads\/2024\/03\/index.png\",\"contentUrl\":\"https:\/\/www.espaviote.fr\/wp-content\/uploads\/2024\/03\/index.png\",\"width\":431,\"height\":110,\"caption\":\"Espaviote\"},\"image\":{\"@id\":\"https:\/\/www.espaviote.fr\/#\/schema\/logo\/image\/\"},\"sameAs\":[\"https:\/\/www.facebook.com\/espaviote\/\"]}]}<\/script>\n<!-- \/ Yoast SEO plugin. -->","yoast_head_json":{"title":"Accueil - Espaviote","description":"D\u00e9couvrez l'Hypocras des Pays d\u2019Oc. Savourez cette boisson m\u00e9di\u00e9vale unique, riche en histoire et en saveurs \u00e9pic\u00e9es.","robots":{"index":"index","follow":"follow","max-snippet":"max-snippet:-1","max-image-preview":"max-image-preview:large","max-video-preview":"max-video-preview:-1"},"canonical":"https:\/\/www.espaviote.fr\/","og_locale":"fr_FR","og_type":"article","og_title":"Accueil - Espaviote","og_description":"D\u00e9couvrez l'Hypocras des Pays d\u2019Oc. Savourez cette boisson m\u00e9di\u00e9vale unique, riche en histoire et en saveurs \u00e9pic\u00e9es.","og_url":"https:\/\/www.espaviote.fr\/","og_site_name":"Espaviote","article_publisher":"https:\/\/www.facebook.com\/espaviote\/","article_modified_time":"2025-01-10T09:56:49+00:00","og_image":[{"url":"https:\/\/www.espaviote.fr\/wp-content\/uploads\/2024\/07\/HYPO_BLANC-300x300.jpg","type":"","width":"","height":""}],"twitter_card":"summary_large_image","twitter_misc":{"Dur\u00e9e de lecture estim\u00e9e":"4 minutes"},"schema":{"@context":"https:\/\/schema.org","@graph":[{"@type":"WebPage","@id":"https:\/\/www.espaviote.fr\/","url":"https:\/\/www.espaviote.fr\/","name":"Accueil - Espaviote","isPartOf":{"@id":"https:\/\/www.espaviote.fr\/#website"},"primaryImageOfPage":{"@id":"https:\/\/www.espaviote.fr\/#primaryimage"},"image":{"@id":"https:\/\/www.espaviote.fr\/#primaryimage"},"thumbnailUrl":"https:\/\/www.espaviote.fr\/wp-content\/uploads\/2024\/07\/HYPO_BLANC-300x300.jpg","datePublished":"2024-03-21T18:02:45+00:00","dateModified":"2025-01-10T09:56:49+00:00","description":"D\u00e9couvrez l'Hypocras des Pays d\u2019Oc. Savourez cette boisson m\u00e9di\u00e9vale unique, riche en histoire et en saveurs \u00e9pic\u00e9es.","breadcrumb":{"@id":"https:\/\/www.espaviote.fr\/#breadcrumb"},"inLanguage":"fr-FR","potentialAction":[{"@type":"ReadAction","target":["https:\/\/www.espaviote.fr\/"]}]},{"@type":"ImageObject","inLanguage":"fr-FR","@id":"https:\/\/www.espaviote.fr\/#primaryimage","url":"https:\/\/www.espaviote.fr\/wp-content\/uploads\/2024\/07\/HYPO_BLANC-scaled.jpg","contentUrl":"https:\/\/www.espaviote.fr\/wp-content\/uploads\/2024\/07\/HYPO_BLANC-scaled.jpg","width":2560,"height":2560,"caption":"Hypocras des Pays d'Oc Blanc"},{"@type":"BreadcrumbList","@id":"https:\/\/www.espaviote.fr\/#breadcrumb","itemListElement":[{"@type":"ListItem","position":1,"name":"Accueil","item":"https:\/\/www.espaviote.fr\/"},{"@type":"ListItem","position":2,"name":"Accueil"}]},{"@type":"WebSite","@id":"https:\/\/www.espaviote.fr\/#website","url":"https:\/\/www.espaviote.fr\/","name":"Espaviote","description":"Hypocras des pays d&#039;Oc","publisher":{"@id":"https:\/\/www.espaviote.fr\/#organization"},"potentialAction":[{"@type":"SearchAction","target":{"@type":"EntryPoint","urlTemplate":"https:\/\/www.espaviote.fr\/?s={search_term_string}"},"query-input":{"@type":"PropertyValueSpecification","valueRequired":true,"valueName":"search_term_string"}}],"inLanguage":"fr-FR"},{"@type":"Organization","@id":"https:\/\/www.espaviote.fr\/#organization","name":"Espaviote","url":"https:\/\/www.espaviote.fr\/","logo":{"@type":"ImageObject","inLanguage":"fr-FR","@id":"https:\/\/www.espaviote.fr\/#\/schema\/logo\/image\/","url":"https:\/\/www.espaviote.fr\/wp-content\/uploads\/2024\/03\/index.png","contentUrl":"https:\/\/www.espaviote.fr\/wp-content\/uploads\/2024\/03\/index.png","width":431,"height":110,"caption":"Espaviote"},"image":{"@id":"https:\/\/www.espaviote.fr\/#\/schema\/logo\/image\/"},"sameAs":["https:\/\/www.facebook.com\/espaviote\/"]}]}},"_links":{"self":[{"href":"https:\/\/www.espaviote.fr\/index.php\/wp-json\/wp\/v2\/pages\/78","targetHints":{"allow":["GET"]}}],"collection":[{"href":"https:\/\/www.espaviote.fr\/index.php\/wp-json\/wp\/v2\/pages"}],"about":[{"href":"https:\/\/www.espaviote.fr\/index.php\/wp-json\/wp\/v2\/types\/page"}],"author":[{"embeddable":true,"href":"https:\/\/www.espaviote.fr\/index.php\/wp-json\/wp\/v2\/users\/2"}],"replies":[{"embeddable":true,"href":"https:\/\/www.espaviote.fr\/index.php\/wp-json\/wp\/v2\/comments?post=78"}],"version-history":[{"count":64,"href":"https:\/\/www.espaviote.fr\/index.php\/wp-json\/wp\/v2\/pages\/78\/revisions"}],"predecessor-version":[{"id":666,"href":"https:\/\/www.espaviote.fr\/index.php\/wp-json\/wp\/v2\/pages\/78\/revisions\/666"}],"wp:attachment":[{"href":"https:\/\/www.espaviote.fr\/index.php\/wp-json\/wp\/v2\/media?parent=78"}],"curies":[{"name":"wp","href":"https:\/\/api.w.org\/{rel}","templated":true}]}}