{"id":309,"date":"2024-04-03T18:37:19","date_gmt":"2024-04-03T16:37:19","guid":{"rendered":"http:\/\/yfnfruk.cluster030.hosting.ovh.net\/?post_type=product&#038;p=309"},"modified":"2025-01-10T14:57:24","modified_gmt":"2025-01-10T13:57:24","slug":"hypocras-des-pays-doc-blanc","status":"publish","type":"product","link":"https:\/\/www.espaviote.fr\/index.php\/produit\/hypocras-des-pays-doc-blanc\/","title":{"rendered":"Hypocras des Pays d&rsquo;Oc Blanc"},"content":{"rendered":"\t\t<div data-elementor-type=\"product-post\" data-elementor-id=\"309\" class=\"elementor elementor-309\" data-elementor-post-type=\"product\">\n\t\t\t\t<div class=\"elementor-element elementor-element-5a870455 e-flex e-con-boxed e-con e-parent\" data-id=\"5a870455\" data-element_type=\"container\">\n\t\t\t\t\t<div class=\"e-con-inner\">\n\t\t\t\t<div class=\"elementor-element elementor-element-15d69456 elementor-widget elementor-widget-text-editor\" data-id=\"15d69456\" data-element_type=\"widget\" data-widget_type=\"text-editor.default\">\n\t\t\t\t<div class=\"elementor-widget-container\">\n\t\t\t\t\t\t\t\t\t<div class=\"col645\"><div class=\"short-description\"><div class=\"std\">Autrefois appel\u00e9 \u00ab\u00a0Clairet\u00a0\u00bb, cet Hypocras Blanc est \u00e9labor\u00e9 \u00e0 partir de vins fran\u00e7ais s\u00e9lectionn\u00e9s. L&rsquo;Hypocras, surtout estim\u00e9 au moyen-\u00e2ge, se servait dans les grands festins, et l&rsquo;on regardait alors comme une merveille d&rsquo;avoir r\u00e9uni la force du vin \u00e0 la douceur du miel et au parfum des \u00e9pices.<\/div><\/div><div class=\"sep\">\u00a0<\/div><div class=\"box-collateral box-description\"><div class=\"std\">Vin moyen\u00e2geux, stimulant et digestif de premier ordre, pr\u00e9par\u00e9 selon la recette de Guillaume Tirel Taillevent c\u00e9l\u00e8bre ma\u00eetre queux du Roy Charles V, de Fran\u00e7ois Rabelais et de divers ouvrages datant du XIII\u00e9me au XVI\u00e9me Si\u00e8cle. Il est l\u00e9g\u00e8rement moins alcoolis\u00e9 que l&rsquo;Hypocras rouge. Un dosage diff\u00e9rent d&rsquo;\u00e9pices et de miel nous ont permis d&rsquo;obtenir un vin d&rsquo;ap\u00e9ritif ou de dessert un peu plus moelleux et relev\u00e9. Il doit lui aussi \u00eatre consomm\u00e9 tr\u00e8s frais et \u00eatre conserv\u00e9 au r\u00e9frig\u00e9rateur apr\u00e8s ouverture.<\/div><\/div><\/div>\t\t\t\t\t\t\t\t<\/div>\n\t\t\t\t<\/div>\n\t\t\t\t\t<\/div>\n\t\t\t\t<\/div>\n\t\t\t\t<\/div>\n\t\t","protected":false},"excerpt":{"rendered":"<p>Appel\u00e9 aussi \u00ab\u00a0Clairet\u00a0\u00bb, cet Hypocras des Pays D&rsquo;Oc Blanc est \u00e9labor\u00e9 \u00e0 partir de vins fran\u00e7ais s\u00e9lectionn\u00e9s. Il est plus doux et miell\u00e9 que l&rsquo;<a href=\"https:\/\/www.espaviote.fr\/index.php\/produit\/hypocras-des-pays-doc-rouge\/\">Hypocras rouge<\/a> et sera id\u00e9al et ap\u00e9ritif, en vin dessert ou pour accompagner un foie gras ou une vollaille&#8230;<\/p>\n<p>L&rsquo;Hypocras, surtout estim\u00e9 au moyen-\u00e2ge, se servait dans les grands festins. On regardait alors comme une merveille d&rsquo;avoir r\u00e9uni la force du vin \u00e0 la douceur du miel et au parfum des \u00e9pices.<\/p>\n","protected":false},"featured_media":475,"template":"","meta":[],"product_brand":[],"product_cat":[17],"product_tag":[],"class_list":{"0":"post-309","1":"product","2":"type-product","3":"status-publish","4":"has-post-thumbnail","6":"product_cat-bouteille","8":"first","9":"instock","10":"featured","11":"taxable","12":"shipping-taxable","13":"purchasable","14":"product-type-simple"},"yoast_head":"<!-- This site is optimized with the Yoast SEO plugin v26.6 - https:\/\/yoast.com\/wordpress\/plugins\/seo\/ -->\n<title>Hypocras des Pays d&#039;Oc Blanc - Espaviote<\/title>\n<meta name=\"description\" content=\"D\u00e9couvrez l&#039;Hypocras Blanc des Pays d&#039;Oc, un vin ap\u00e9ritif d\u00e9licat alliant miel et \u00e9pices, inspir\u00e9 des recettes m\u00e9di\u00e9vales. \u00c0 savourer bien frais.\" \/>\n<meta name=\"robots\" content=\"index, follow, max-snippet:-1, max-image-preview:large, max-video-preview:-1\" \/>\n<link rel=\"canonical\" href=\"https:\/\/www.espaviote.fr\/index.php\/produit\/hypocras-des-pays-doc-blanc\/\" \/>\n<meta property=\"og:locale\" content=\"fr_FR\" \/>\n<meta property=\"og:type\" content=\"article\" \/>\n<meta property=\"og:title\" content=\"Hypocras des Pays d&#039;Oc Blanc - Espaviote\" \/>\n<meta property=\"og:description\" content=\"D\u00e9couvrez l&#039;Hypocras Blanc des Pays d&#039;Oc, un vin ap\u00e9ritif d\u00e9licat alliant miel et \u00e9pices, inspir\u00e9 des recettes m\u00e9di\u00e9vales. \u00c0 savourer bien frais.\" \/>\n<meta property=\"og:url\" content=\"https:\/\/www.espaviote.fr\/index.php\/produit\/hypocras-des-pays-doc-blanc\/\" \/>\n<meta property=\"og:site_name\" content=\"Espaviote\" \/>\n<meta property=\"article:publisher\" content=\"https:\/\/www.facebook.com\/espaviote\/\" \/>\n<meta property=\"article:modified_time\" content=\"2025-01-10T13:57:24+00:00\" \/>\n<meta property=\"og:image\" content=\"https:\/\/www.espaviote.fr\/wp-content\/uploads\/2024\/07\/HYPO_BLANC-scaled.jpg\" \/>\n\t<meta property=\"og:image:width\" content=\"2560\" \/>\n\t<meta property=\"og:image:height\" content=\"2560\" \/>\n\t<meta property=\"og:image:type\" content=\"image\/jpeg\" \/>\n<meta name=\"twitter:card\" content=\"summary_large_image\" \/>\n<meta name=\"twitter:label1\" content=\"Dur\u00e9e de lecture estim\u00e9e\" \/>\n\t<meta name=\"twitter:data1\" content=\"1 minute\" \/>\n<script type=\"application\/ld+json\" class=\"yoast-schema-graph\">{\"@context\":\"https:\/\/schema.org\",\"@graph\":[{\"@type\":\"WebPage\",\"@id\":\"https:\/\/www.espaviote.fr\/index.php\/produit\/hypocras-des-pays-doc-blanc\/\",\"url\":\"https:\/\/www.espaviote.fr\/index.php\/produit\/hypocras-des-pays-doc-blanc\/\",\"name\":\"Hypocras des Pays d'Oc Blanc - Espaviote\",\"isPartOf\":{\"@id\":\"https:\/\/www.espaviote.fr\/#website\"},\"primaryImageOfPage\":{\"@id\":\"https:\/\/www.espaviote.fr\/index.php\/produit\/hypocras-des-pays-doc-blanc\/#primaryimage\"},\"image\":{\"@id\":\"https:\/\/www.espaviote.fr\/index.php\/produit\/hypocras-des-pays-doc-blanc\/#primaryimage\"},\"thumbnailUrl\":\"https:\/\/www.espaviote.fr\/wp-content\/uploads\/2024\/07\/HYPO_BLANC-scaled.jpg\",\"datePublished\":\"2024-04-03T16:37:19+00:00\",\"dateModified\":\"2025-01-10T13:57:24+00:00\",\"description\":\"D\u00e9couvrez l'Hypocras Blanc des Pays d'Oc, un vin ap\u00e9ritif d\u00e9licat alliant miel et \u00e9pices, inspir\u00e9 des recettes m\u00e9di\u00e9vales. \u00c0 savourer bien frais.\",\"breadcrumb\":{\"@id\":\"https:\/\/www.espaviote.fr\/index.php\/produit\/hypocras-des-pays-doc-blanc\/#breadcrumb\"},\"inLanguage\":\"fr-FR\",\"potentialAction\":[{\"@type\":\"ReadAction\",\"target\":[\"https:\/\/www.espaviote.fr\/index.php\/produit\/hypocras-des-pays-doc-blanc\/\"]}]},{\"@type\":\"ImageObject\",\"inLanguage\":\"fr-FR\",\"@id\":\"https:\/\/www.espaviote.fr\/index.php\/produit\/hypocras-des-pays-doc-blanc\/#primaryimage\",\"url\":\"https:\/\/www.espaviote.fr\/wp-content\/uploads\/2024\/07\/HYPO_BLANC-scaled.jpg\",\"contentUrl\":\"https:\/\/www.espaviote.fr\/wp-content\/uploads\/2024\/07\/HYPO_BLANC-scaled.jpg\",\"width\":2560,\"height\":2560,\"caption\":\"Hypocras des Pays d'Oc Blanc\"},{\"@type\":\"BreadcrumbList\",\"@id\":\"https:\/\/www.espaviote.fr\/index.php\/produit\/hypocras-des-pays-doc-blanc\/#breadcrumb\",\"itemListElement\":[{\"@type\":\"ListItem\",\"position\":1,\"name\":\"Accueil\",\"item\":\"https:\/\/www.espaviote.fr\/\"},{\"@type\":\"ListItem\",\"position\":2,\"name\":\"Produits\",\"item\":\"https:\/\/www.espaviote.fr\/index.php\/shop\/\"},{\"@type\":\"ListItem\",\"position\":3,\"name\":\"Hypocras des Pays d&rsquo;Oc Blanc\"}]},{\"@type\":\"WebSite\",\"@id\":\"https:\/\/www.espaviote.fr\/#website\",\"url\":\"https:\/\/www.espaviote.fr\/\",\"name\":\"Espaviote\",\"description\":\"Hypocras des pays d&#039;Oc\",\"publisher\":{\"@id\":\"https:\/\/www.espaviote.fr\/#organization\"},\"potentialAction\":[{\"@type\":\"SearchAction\",\"target\":{\"@type\":\"EntryPoint\",\"urlTemplate\":\"https:\/\/www.espaviote.fr\/?s={search_term_string}\"},\"query-input\":{\"@type\":\"PropertyValueSpecification\",\"valueRequired\":true,\"valueName\":\"search_term_string\"}}],\"inLanguage\":\"fr-FR\"},{\"@type\":\"Organization\",\"@id\":\"https:\/\/www.espaviote.fr\/#organization\",\"name\":\"Espaviote\",\"url\":\"https:\/\/www.espaviote.fr\/\",\"logo\":{\"@type\":\"ImageObject\",\"inLanguage\":\"fr-FR\",\"@id\":\"https:\/\/www.espaviote.fr\/#\/schema\/logo\/image\/\",\"url\":\"https:\/\/www.espaviote.fr\/wp-content\/uploads\/2024\/03\/index.png\",\"contentUrl\":\"https:\/\/www.espaviote.fr\/wp-content\/uploads\/2024\/03\/index.png\",\"width\":431,\"height\":110,\"caption\":\"Espaviote\"},\"image\":{\"@id\":\"https:\/\/www.espaviote.fr\/#\/schema\/logo\/image\/\"},\"sameAs\":[\"https:\/\/www.facebook.com\/espaviote\/\"]}]}<\/script>\n<!-- \/ Yoast SEO plugin. -->","yoast_head_json":{"title":"Hypocras des Pays d'Oc Blanc - Espaviote","description":"D\u00e9couvrez l'Hypocras Blanc des Pays d'Oc, un vin ap\u00e9ritif d\u00e9licat alliant miel et \u00e9pices, inspir\u00e9 des recettes m\u00e9di\u00e9vales. \u00c0 savourer bien frais.","robots":{"index":"index","follow":"follow","max-snippet":"max-snippet:-1","max-image-preview":"max-image-preview:large","max-video-preview":"max-video-preview:-1"},"canonical":"https:\/\/www.espaviote.fr\/index.php\/produit\/hypocras-des-pays-doc-blanc\/","og_locale":"fr_FR","og_type":"article","og_title":"Hypocras des Pays d'Oc Blanc - Espaviote","og_description":"D\u00e9couvrez l'Hypocras Blanc des Pays d'Oc, un vin ap\u00e9ritif d\u00e9licat alliant miel et \u00e9pices, inspir\u00e9 des recettes m\u00e9di\u00e9vales. \u00c0 savourer bien frais.","og_url":"https:\/\/www.espaviote.fr\/index.php\/produit\/hypocras-des-pays-doc-blanc\/","og_site_name":"Espaviote","article_publisher":"https:\/\/www.facebook.com\/espaviote\/","article_modified_time":"2025-01-10T13:57:24+00:00","og_image":[{"width":2560,"height":2560,"url":"https:\/\/www.espaviote.fr\/wp-content\/uploads\/2024\/07\/HYPO_BLANC-scaled.jpg","type":"image\/jpeg"}],"twitter_card":"summary_large_image","twitter_misc":{"Dur\u00e9e de lecture estim\u00e9e":"1 minute"},"schema":{"@context":"https:\/\/schema.org","@graph":[{"@type":"WebPage","@id":"https:\/\/www.espaviote.fr\/index.php\/produit\/hypocras-des-pays-doc-blanc\/","url":"https:\/\/www.espaviote.fr\/index.php\/produit\/hypocras-des-pays-doc-blanc\/","name":"Hypocras des Pays d'Oc Blanc - Espaviote","isPartOf":{"@id":"https:\/\/www.espaviote.fr\/#website"},"primaryImageOfPage":{"@id":"https:\/\/www.espaviote.fr\/index.php\/produit\/hypocras-des-pays-doc-blanc\/#primaryimage"},"image":{"@id":"https:\/\/www.espaviote.fr\/index.php\/produit\/hypocras-des-pays-doc-blanc\/#primaryimage"},"thumbnailUrl":"https:\/\/www.espaviote.fr\/wp-content\/uploads\/2024\/07\/HYPO_BLANC-scaled.jpg","datePublished":"2024-04-03T16:37:19+00:00","dateModified":"2025-01-10T13:57:24+00:00","description":"D\u00e9couvrez l'Hypocras Blanc des Pays d'Oc, un vin ap\u00e9ritif d\u00e9licat alliant miel et \u00e9pices, inspir\u00e9 des recettes m\u00e9di\u00e9vales. \u00c0 savourer bien frais.","breadcrumb":{"@id":"https:\/\/www.espaviote.fr\/index.php\/produit\/hypocras-des-pays-doc-blanc\/#breadcrumb"},"inLanguage":"fr-FR","potentialAction":[{"@type":"ReadAction","target":["https:\/\/www.espaviote.fr\/index.php\/produit\/hypocras-des-pays-doc-blanc\/"]}]},{"@type":"ImageObject","inLanguage":"fr-FR","@id":"https:\/\/www.espaviote.fr\/index.php\/produit\/hypocras-des-pays-doc-blanc\/#primaryimage","url":"https:\/\/www.espaviote.fr\/wp-content\/uploads\/2024\/07\/HYPO_BLANC-scaled.jpg","contentUrl":"https:\/\/www.espaviote.fr\/wp-content\/uploads\/2024\/07\/HYPO_BLANC-scaled.jpg","width":2560,"height":2560,"caption":"Hypocras des Pays d'Oc Blanc"},{"@type":"BreadcrumbList","@id":"https:\/\/www.espaviote.fr\/index.php\/produit\/hypocras-des-pays-doc-blanc\/#breadcrumb","itemListElement":[{"@type":"ListItem","position":1,"name":"Accueil","item":"https:\/\/www.espaviote.fr\/"},{"@type":"ListItem","position":2,"name":"Produits","item":"https:\/\/www.espaviote.fr\/index.php\/shop\/"},{"@type":"ListItem","position":3,"name":"Hypocras des Pays d&rsquo;Oc Blanc"}]},{"@type":"WebSite","@id":"https:\/\/www.espaviote.fr\/#website","url":"https:\/\/www.espaviote.fr\/","name":"Espaviote","description":"Hypocras des pays d&#039;Oc","publisher":{"@id":"https:\/\/www.espaviote.fr\/#organization"},"potentialAction":[{"@type":"SearchAction","target":{"@type":"EntryPoint","urlTemplate":"https:\/\/www.espaviote.fr\/?s={search_term_string}"},"query-input":{"@type":"PropertyValueSpecification","valueRequired":true,"valueName":"search_term_string"}}],"inLanguage":"fr-FR"},{"@type":"Organization","@id":"https:\/\/www.espaviote.fr\/#organization","name":"Espaviote","url":"https:\/\/www.espaviote.fr\/","logo":{"@type":"ImageObject","inLanguage":"fr-FR","@id":"https:\/\/www.espaviote.fr\/#\/schema\/logo\/image\/","url":"https:\/\/www.espaviote.fr\/wp-content\/uploads\/2024\/03\/index.png","contentUrl":"https:\/\/www.espaviote.fr\/wp-content\/uploads\/2024\/03\/index.png","width":431,"height":110,"caption":"Espaviote"},"image":{"@id":"https:\/\/www.espaviote.fr\/#\/schema\/logo\/image\/"},"sameAs":["https:\/\/www.facebook.com\/espaviote\/"]}]}},"_links":{"self":[{"href":"https:\/\/www.espaviote.fr\/index.php\/wp-json\/wp\/v2\/product\/309","targetHints":{"allow":["GET"]}}],"collection":[{"href":"https:\/\/www.espaviote.fr\/index.php\/wp-json\/wp\/v2\/product"}],"about":[{"href":"https:\/\/www.espaviote.fr\/index.php\/wp-json\/wp\/v2\/types\/product"}],"version-history":[{"count":8,"href":"https:\/\/www.espaviote.fr\/index.php\/wp-json\/wp\/v2\/product\/309\/revisions"}],"predecessor-version":[{"id":676,"href":"https:\/\/www.espaviote.fr\/index.php\/wp-json\/wp\/v2\/product\/309\/revisions\/676"}],"wp:featuredmedia":[{"embeddable":true,"href":"https:\/\/www.espaviote.fr\/index.php\/wp-json\/wp\/v2\/media\/475"}],"wp:attachment":[{"href":"https:\/\/www.espaviote.fr\/index.php\/wp-json\/wp\/v2\/media?parent=309"}],"wp:term":[{"taxonomy":"product_brand","embeddable":true,"href":"https:\/\/www.espaviote.fr\/index.php\/wp-json\/wp\/v2\/product_brand?post=309"},{"taxonomy":"product_cat","embeddable":true,"href":"https:\/\/www.espaviote.fr\/index.php\/wp-json\/wp\/v2\/product_cat?post=309"},{"taxonomy":"product_tag","embeddable":true,"href":"https:\/\/www.espaviote.fr\/index.php\/wp-json\/wp\/v2\/product_tag?post=309"}],"curies":[{"name":"wp","href":"https:\/\/api.w.org\/{rel}","templated":true}]}}