{"id":33,"date":"2024-03-20T12:17:37","date_gmt":"2024-03-20T11:17:37","guid":{"rendered":"http:\/\/yfnfruk.cluster030.hosting.ovh.net\/?post_type=product&#038;p=33"},"modified":"2025-01-10T11:19:49","modified_gmt":"2025-01-10T10:19:49","slug":"coulindrum-des-pays-doc","status":"publish","type":"product","link":"https:\/\/www.espaviote.fr\/index.php\/produit\/coulindrum-des-pays-doc\/","title":{"rendered":"Coulindrum des Pays d&rsquo;Oc"},"content":{"rendered":"<p>Notre actuelle groseille \u00e9tait autrefois appel\u00e9e Ribes Rubrum, Castilles ou Coulindrons, d\u2019o\u00f9 provient le nom de ce vin d\u2019ap\u00e9ritif. Les vertues d\u00e9salt\u00e9rantes, astringentes, et rafra\u00eechissantes de la groseille \u00e9taient reconnues depuis l\u2019antiquit\u00e9. Les arabes faisaient de ce fruit des rob de ribes qu\u2019ils exp\u00e9diaient en grande quantit\u00e9 \u00e0 Constantinople.<\/p>\n<p><a href=\"https:\/\/fr.wikipedia.org\/wiki\/Yuhanna_ibn_Sarabiyun\">\u00a0Ibn S\u00e9rapion<\/a>, m\u00e9decin arabe du IX\u00e8me si\u00e8cle recommande la groseille dans le \u201cKunnas\u201d, trait\u00e9 de m\u00e9decine traduit en latin au XII\u00e8me par Gerard de Cr\u00e9mone.<\/p>\n<p><a href=\"https:\/\/fr.wikipedia.org\/wiki\/Rembert_Dodoens\">Dodoens Rembert<\/a>, m\u00e9decin du XVI\u00e8me, affirme que \u201c&#8230;les fruits du groseiller rouge conviennent, pour leurs vertues rafra\u00eechissantes, aux temp\u00e9rement bilieux. Ils calment l\u2019ardeur des fi\u00e8vres, r\u00e9priment la bile, rafra\u00eechissent le sang, arr\u00eatent le progr\u00e8s de la gangr\u00e8ne, les dysenteries et le scorbut.\u201d<\/p>\n<p><a href=\"https:\/\/fr.wikipedia.org\/wiki\/Rembert_Dodoens\"><img decoding=\"async\" class=\"\" src=\"https:\/\/upload.wikimedia.org\/wikipedia\/commons\/thumb\/c\/c1\/Rembert_Dodoens._Lithograph_by_Simonau_%26_Torvey%2C_1850._Wellcome_V0001613.jpg\/260px-Rembert_Dodoens._Lithograph_by_Simonau_%26_Torvey%2C_1850._Wellcome_V0001613.jpg\" width=\"151\" height=\"225\" \/><\/a><\/p>\n<p>Aujourd\u2019hui vous d\u00e9couvrirez avec le Coulindrum des Pays d\u2019Oc\u00a0 un vin d\u2019ap\u00e9ritif naturel et rafra\u00eechissant \u00e0 consommer tr\u00e8s frais.<\/p>\n","protected":false},"excerpt":{"rendered":"<p>Dans notre gamme de boissons historiques, nous vous proposons de d\u00e9couvrir le Coulindrum des Pays d&rsquo;Oc. Une mac\u00e9ration de groseilles dans un vin blanc s\u00e9lectionn\u00e9 et adoucie par une note de framboise et de miel qui att\u00e9nuent l&rsquo;acidit\u00e9 de ces ribes. Un vin d&rsquo;ap\u00e9ritif naturel et raffra\u00eechissant \u00e0 consommer tr\u00e8s frais.<\/p>\n","protected":false},"featured_media":468,"template":"","meta":[],"product_brand":[],"product_cat":[17],"product_tag":[],"class_list":{"0":"post-33","1":"product","2":"type-product","3":"status-publish","4":"has-post-thumbnail","6":"product_cat-bouteille","8":"first","9":"instock","10":"featured","11":"taxable","12":"shipping-taxable","13":"purchasable","14":"product-type-simple"},"yoast_head":"<!-- This site is optimized with the Yoast SEO plugin v26.6 - https:\/\/yoast.com\/wordpress\/plugins\/seo\/ -->\n<title>Coulindrum des Pays d&#039;Oc - Espaviote<\/title>\n<meta name=\"description\" content=\"D\u00e9couvrez le Coulindrum des Pays d&#039;Oc, un vin d&#039;ap\u00e9ritif rafra\u00eechissant \u00e0 base de groseilles, framboise et miel. \u00c0 savourer bien frais.\" \/>\n<meta name=\"robots\" content=\"index, follow, max-snippet:-1, max-image-preview:large, max-video-preview:-1\" \/>\n<link rel=\"canonical\" href=\"https:\/\/www.espaviote.fr\/index.php\/produit\/coulindrum-des-pays-doc\/\" \/>\n<meta property=\"og:locale\" content=\"fr_FR\" \/>\n<meta property=\"og:type\" content=\"article\" \/>\n<meta property=\"og:title\" content=\"Coulindrum des Pays d&#039;Oc - Espaviote\" \/>\n<meta property=\"og:description\" content=\"D\u00e9couvrez le Coulindrum des Pays d&#039;Oc, un vin d&#039;ap\u00e9ritif rafra\u00eechissant \u00e0 base de groseilles, framboise et miel. \u00c0 savourer bien frais.\" \/>\n<meta property=\"og:url\" content=\"https:\/\/www.espaviote.fr\/index.php\/produit\/coulindrum-des-pays-doc\/\" \/>\n<meta property=\"og:site_name\" content=\"Espaviote\" \/>\n<meta property=\"article:publisher\" content=\"https:\/\/www.facebook.com\/espaviote\/\" \/>\n<meta property=\"article:modified_time\" content=\"2025-01-10T10:19:49+00:00\" \/>\n<meta property=\"og:image\" content=\"https:\/\/www.espaviote.fr\/wp-content\/uploads\/2024\/07\/COULINDRUM-scaled.jpg\" \/>\n\t<meta property=\"og:image:width\" content=\"2560\" \/>\n\t<meta property=\"og:image:height\" content=\"2560\" \/>\n\t<meta property=\"og:image:type\" content=\"image\/jpeg\" \/>\n<meta name=\"twitter:card\" content=\"summary_large_image\" \/>\n<meta name=\"twitter:label1\" content=\"Dur\u00e9e de lecture estim\u00e9e\" \/>\n\t<meta name=\"twitter:data1\" content=\"2 minutes\" \/>\n<script type=\"application\/ld+json\" class=\"yoast-schema-graph\">{\"@context\":\"https:\/\/schema.org\",\"@graph\":[{\"@type\":\"WebPage\",\"@id\":\"https:\/\/www.espaviote.fr\/index.php\/produit\/coulindrum-des-pays-doc\/\",\"url\":\"https:\/\/www.espaviote.fr\/index.php\/produit\/coulindrum-des-pays-doc\/\",\"name\":\"Coulindrum des Pays d'Oc - Espaviote\",\"isPartOf\":{\"@id\":\"https:\/\/www.espaviote.fr\/#website\"},\"primaryImageOfPage\":{\"@id\":\"https:\/\/www.espaviote.fr\/index.php\/produit\/coulindrum-des-pays-doc\/#primaryimage\"},\"image\":{\"@id\":\"https:\/\/www.espaviote.fr\/index.php\/produit\/coulindrum-des-pays-doc\/#primaryimage\"},\"thumbnailUrl\":\"https:\/\/www.espaviote.fr\/wp-content\/uploads\/2024\/07\/COULINDRUM-scaled.jpg\",\"datePublished\":\"2024-03-20T11:17:37+00:00\",\"dateModified\":\"2025-01-10T10:19:49+00:00\",\"description\":\"D\u00e9couvrez le Coulindrum des Pays d'Oc, un vin d'ap\u00e9ritif rafra\u00eechissant \u00e0 base de groseilles, framboise et miel. \u00c0 savourer bien frais.\",\"breadcrumb\":{\"@id\":\"https:\/\/www.espaviote.fr\/index.php\/produit\/coulindrum-des-pays-doc\/#breadcrumb\"},\"inLanguage\":\"fr-FR\",\"potentialAction\":[{\"@type\":\"ReadAction\",\"target\":[\"https:\/\/www.espaviote.fr\/index.php\/produit\/coulindrum-des-pays-doc\/\"]}]},{\"@type\":\"ImageObject\",\"inLanguage\":\"fr-FR\",\"@id\":\"https:\/\/www.espaviote.fr\/index.php\/produit\/coulindrum-des-pays-doc\/#primaryimage\",\"url\":\"https:\/\/www.espaviote.fr\/wp-content\/uploads\/2024\/07\/COULINDRUM-scaled.jpg\",\"contentUrl\":\"https:\/\/www.espaviote.fr\/wp-content\/uploads\/2024\/07\/COULINDRUM-scaled.jpg\",\"width\":2560,\"height\":2560,\"caption\":\"Coulindrum des Pays d'Oc\"},{\"@type\":\"BreadcrumbList\",\"@id\":\"https:\/\/www.espaviote.fr\/index.php\/produit\/coulindrum-des-pays-doc\/#breadcrumb\",\"itemListElement\":[{\"@type\":\"ListItem\",\"position\":1,\"name\":\"Accueil\",\"item\":\"https:\/\/www.espaviote.fr\/\"},{\"@type\":\"ListItem\",\"position\":2,\"name\":\"Produits\",\"item\":\"https:\/\/www.espaviote.fr\/index.php\/shop\/\"},{\"@type\":\"ListItem\",\"position\":3,\"name\":\"Coulindrum des Pays d&rsquo;Oc\"}]},{\"@type\":\"WebSite\",\"@id\":\"https:\/\/www.espaviote.fr\/#website\",\"url\":\"https:\/\/www.espaviote.fr\/\",\"name\":\"Espaviote\",\"description\":\"Hypocras des pays d&#039;Oc\",\"publisher\":{\"@id\":\"https:\/\/www.espaviote.fr\/#organization\"},\"potentialAction\":[{\"@type\":\"SearchAction\",\"target\":{\"@type\":\"EntryPoint\",\"urlTemplate\":\"https:\/\/www.espaviote.fr\/?s={search_term_string}\"},\"query-input\":{\"@type\":\"PropertyValueSpecification\",\"valueRequired\":true,\"valueName\":\"search_term_string\"}}],\"inLanguage\":\"fr-FR\"},{\"@type\":\"Organization\",\"@id\":\"https:\/\/www.espaviote.fr\/#organization\",\"name\":\"Espaviote\",\"url\":\"https:\/\/www.espaviote.fr\/\",\"logo\":{\"@type\":\"ImageObject\",\"inLanguage\":\"fr-FR\",\"@id\":\"https:\/\/www.espaviote.fr\/#\/schema\/logo\/image\/\",\"url\":\"https:\/\/www.espaviote.fr\/wp-content\/uploads\/2024\/03\/index.png\",\"contentUrl\":\"https:\/\/www.espaviote.fr\/wp-content\/uploads\/2024\/03\/index.png\",\"width\":431,\"height\":110,\"caption\":\"Espaviote\"},\"image\":{\"@id\":\"https:\/\/www.espaviote.fr\/#\/schema\/logo\/image\/\"},\"sameAs\":[\"https:\/\/www.facebook.com\/espaviote\/\"]}]}<\/script>\n<!-- \/ Yoast SEO plugin. -->","yoast_head_json":{"title":"Coulindrum des Pays d'Oc - Espaviote","description":"D\u00e9couvrez le Coulindrum des Pays d'Oc, un vin d'ap\u00e9ritif rafra\u00eechissant \u00e0 base de groseilles, framboise et miel. \u00c0 savourer bien frais.","robots":{"index":"index","follow":"follow","max-snippet":"max-snippet:-1","max-image-preview":"max-image-preview:large","max-video-preview":"max-video-preview:-1"},"canonical":"https:\/\/www.espaviote.fr\/index.php\/produit\/coulindrum-des-pays-doc\/","og_locale":"fr_FR","og_type":"article","og_title":"Coulindrum des Pays d'Oc - Espaviote","og_description":"D\u00e9couvrez le Coulindrum des Pays d'Oc, un vin d'ap\u00e9ritif rafra\u00eechissant \u00e0 base de groseilles, framboise et miel. \u00c0 savourer bien frais.","og_url":"https:\/\/www.espaviote.fr\/index.php\/produit\/coulindrum-des-pays-doc\/","og_site_name":"Espaviote","article_publisher":"https:\/\/www.facebook.com\/espaviote\/","article_modified_time":"2025-01-10T10:19:49+00:00","og_image":[{"width":2560,"height":2560,"url":"https:\/\/www.espaviote.fr\/wp-content\/uploads\/2024\/07\/COULINDRUM-scaled.jpg","type":"image\/jpeg"}],"twitter_card":"summary_large_image","twitter_misc":{"Dur\u00e9e de lecture estim\u00e9e":"2 minutes"},"schema":{"@context":"https:\/\/schema.org","@graph":[{"@type":"WebPage","@id":"https:\/\/www.espaviote.fr\/index.php\/produit\/coulindrum-des-pays-doc\/","url":"https:\/\/www.espaviote.fr\/index.php\/produit\/coulindrum-des-pays-doc\/","name":"Coulindrum des Pays d'Oc - Espaviote","isPartOf":{"@id":"https:\/\/www.espaviote.fr\/#website"},"primaryImageOfPage":{"@id":"https:\/\/www.espaviote.fr\/index.php\/produit\/coulindrum-des-pays-doc\/#primaryimage"},"image":{"@id":"https:\/\/www.espaviote.fr\/index.php\/produit\/coulindrum-des-pays-doc\/#primaryimage"},"thumbnailUrl":"https:\/\/www.espaviote.fr\/wp-content\/uploads\/2024\/07\/COULINDRUM-scaled.jpg","datePublished":"2024-03-20T11:17:37+00:00","dateModified":"2025-01-10T10:19:49+00:00","description":"D\u00e9couvrez le Coulindrum des Pays d'Oc, un vin d'ap\u00e9ritif rafra\u00eechissant \u00e0 base de groseilles, framboise et miel. \u00c0 savourer bien frais.","breadcrumb":{"@id":"https:\/\/www.espaviote.fr\/index.php\/produit\/coulindrum-des-pays-doc\/#breadcrumb"},"inLanguage":"fr-FR","potentialAction":[{"@type":"ReadAction","target":["https:\/\/www.espaviote.fr\/index.php\/produit\/coulindrum-des-pays-doc\/"]}]},{"@type":"ImageObject","inLanguage":"fr-FR","@id":"https:\/\/www.espaviote.fr\/index.php\/produit\/coulindrum-des-pays-doc\/#primaryimage","url":"https:\/\/www.espaviote.fr\/wp-content\/uploads\/2024\/07\/COULINDRUM-scaled.jpg","contentUrl":"https:\/\/www.espaviote.fr\/wp-content\/uploads\/2024\/07\/COULINDRUM-scaled.jpg","width":2560,"height":2560,"caption":"Coulindrum des Pays d'Oc"},{"@type":"BreadcrumbList","@id":"https:\/\/www.espaviote.fr\/index.php\/produit\/coulindrum-des-pays-doc\/#breadcrumb","itemListElement":[{"@type":"ListItem","position":1,"name":"Accueil","item":"https:\/\/www.espaviote.fr\/"},{"@type":"ListItem","position":2,"name":"Produits","item":"https:\/\/www.espaviote.fr\/index.php\/shop\/"},{"@type":"ListItem","position":3,"name":"Coulindrum des Pays d&rsquo;Oc"}]},{"@type":"WebSite","@id":"https:\/\/www.espaviote.fr\/#website","url":"https:\/\/www.espaviote.fr\/","name":"Espaviote","description":"Hypocras des pays d&#039;Oc","publisher":{"@id":"https:\/\/www.espaviote.fr\/#organization"},"potentialAction":[{"@type":"SearchAction","target":{"@type":"EntryPoint","urlTemplate":"https:\/\/www.espaviote.fr\/?s={search_term_string}"},"query-input":{"@type":"PropertyValueSpecification","valueRequired":true,"valueName":"search_term_string"}}],"inLanguage":"fr-FR"},{"@type":"Organization","@id":"https:\/\/www.espaviote.fr\/#organization","name":"Espaviote","url":"https:\/\/www.espaviote.fr\/","logo":{"@type":"ImageObject","inLanguage":"fr-FR","@id":"https:\/\/www.espaviote.fr\/#\/schema\/logo\/image\/","url":"https:\/\/www.espaviote.fr\/wp-content\/uploads\/2024\/03\/index.png","contentUrl":"https:\/\/www.espaviote.fr\/wp-content\/uploads\/2024\/03\/index.png","width":431,"height":110,"caption":"Espaviote"},"image":{"@id":"https:\/\/www.espaviote.fr\/#\/schema\/logo\/image\/"},"sameAs":["https:\/\/www.facebook.com\/espaviote\/"]}]}},"_links":{"self":[{"href":"https:\/\/www.espaviote.fr\/index.php\/wp-json\/wp\/v2\/product\/33","targetHints":{"allow":["GET"]}}],"collection":[{"href":"https:\/\/www.espaviote.fr\/index.php\/wp-json\/wp\/v2\/product"}],"about":[{"href":"https:\/\/www.espaviote.fr\/index.php\/wp-json\/wp\/v2\/types\/product"}],"version-history":[{"count":7,"href":"https:\/\/www.espaviote.fr\/index.php\/wp-json\/wp\/v2\/product\/33\/revisions"}],"predecessor-version":[{"id":672,"href":"https:\/\/www.espaviote.fr\/index.php\/wp-json\/wp\/v2\/product\/33\/revisions\/672"}],"wp:featuredmedia":[{"embeddable":true,"href":"https:\/\/www.espaviote.fr\/index.php\/wp-json\/wp\/v2\/media\/468"}],"wp:attachment":[{"href":"https:\/\/www.espaviote.fr\/index.php\/wp-json\/wp\/v2\/media?parent=33"}],"wp:term":[{"taxonomy":"product_brand","embeddable":true,"href":"https:\/\/www.espaviote.fr\/index.php\/wp-json\/wp\/v2\/product_brand?post=33"},{"taxonomy":"product_cat","embeddable":true,"href":"https:\/\/www.espaviote.fr\/index.php\/wp-json\/wp\/v2\/product_cat?post=33"},{"taxonomy":"product_tag","embeddable":true,"href":"https:\/\/www.espaviote.fr\/index.php\/wp-json\/wp\/v2\/product_tag?post=33"}],"curies":[{"name":"wp","href":"https:\/\/api.w.org\/{rel}","templated":true}]}}